
{"id":27531,"date":"2024-03-03T12:33:06","date_gmt":"2024-03-03T12:33:06","guid":{"rendered":"https:\/\/express24.ir\/d\/product\/%da%a9%d8%aa%d8%a7%d8%a8-%da%a9%d8%aa%d8%a7%d8%a8%d8%ae%d8%a7%d9%86%d9%87-%d9%85%d9%88%d8%a8%d8%a7%db%8c%d9%84-englisch-englisch-fur-ale\/"},"modified":"2024-03-03T08:11:43","modified_gmt":"2024-03-03T09:11:43","slug":"%da%a9%d8%aa%d8%a7%d8%a8-%da%a9%d8%aa%d8%a7%d8%a8%d8%ae%d8%a7%d9%86%d9%87-%d9%85%d9%88%d8%a8%d8%a7%db%8c%d9%84-englisch-englisch-fur-ale","status":"publish","type":"product","link":"https:\/\/express24.ir\/d\/product\/%da%a9%d8%aa%d8%a7%d8%a8-%da%a9%d8%aa%d8%a7%d8%a8%d8%ae%d8%a7%d9%86%d9%87-%d9%85%d9%88%d8%a8%d8%a7%db%8c%d9%84-englisch-englisch-fur-ale\/","title":{"rendered":"\u06a9\u062a\u0627\u0628 \u06a9\u062a\u0627\u0628\u062e\u0627\u0646\u0647 \u0645\u0648\u0628\u0627\u06cc\u0644 &#8211; Englisch (Englisch f\u00fcr ale)"},"content":{"rendered":"<div style=\"text-align:center;\">\n    <img decoding=\"async\" src=\"https:\/\/express24.ir\/d\/wp-content\/uploads\/2024\/03\/00a15663.jpg\" alt=\"\u062f\u0627\u0646\u0644\u0648\u062f \u06a9\u062a\u0627\u0628 Mobile Library - Englisch ( Englisch f\u00fcr alle )\" title=\"\u062f\u0627\u0646\u0644\u0648\u062f \u06a9\u062a\u0627\u0628  Mobile Library - Englisch ( Englisch f\u00fcr alle )\"><\/p><\/div>\n<table class=\"table table-striped table-hover\">\n<tr>\n<td>\n<h3>\u0639\u0646\u0648\u0627\u0646 \u06a9\u062a\u0627\u0628 \u0628\u0647 \u0627\u0646\u06af\u0644\u06cc\u0633\u06cc:<\/h3>\n<\/td>\n<td>\n<h3>\n    Mobile Library &#8211; Englisch ( Englisch f\u00fcr alle )    <\/h3>\n<\/td>\n<\/tr>\n<\/table>\n<table class=\"table table-striped table-hover\">\n<tr>\n<td>\u062a\u0639\u062f\u0627\u062f \u0635\u0641\u062d\u0627\u062a<\/td>\n<td>62<\/td>\n<\/tr>\n<tr>\n<td>\u0641\u0631\u0645\u062a \u06a9\u062a\u0627\u0628<\/td>\n<td>EPUB<\/td>\n<\/tr>\n<tr>\n<td>ASIN<\/td>\n<td>B07L48G8MY<\/td>\n<\/tr>\n<tr>\n<td>\u0633\u0627\u0644 \u0627\u0646\u062a\u0634\u0627\u0631<\/td>\n<td>2018<\/td>\n<\/tr>\n<tr>\n<td>\u062d\u062c\u0645 \u06a9\u062a\u0627\u0628<\/td>\n<td> 2. deze\u0645\u06af\u0627\u0628\u0627\u06cc\u062a<\/td>\n<\/tr>\n<\/table>\n<h2>\u062a\u0648\u0636\u06cc\u062d\u0627\u062a \u06a9\u062a\u0627\u0628<\/h2>\n<div style=\"direction:ltr;\">er 2018 | 13.91 MBDieses Super-Pack enth\u00e4lt 10 B\u00e4nde der Lerne mit Bildersammlung und hilft Ihnen, Englisch mit W\u00f6rtern, Bildern und zweisprachigen Texten zu lernen.Verwenden Sie es, um W\u00f6rter auf Englisch schneller zu lernen.Dieses Super-Pack beinhaltet:1.000 W\u00f6rter auf Englisch1.000 Bilder1.000 zweisprachige TexteDies sind die 10 B\u00e4nde, die in diesem gro\u00dfartigen Paket von eBooks enthalten sind, mit einem gro\u00dfen Rabatt (Sie erhalten 3 kostenlose B\u00fccher):Vol. 1 &#8211; 100 WORTE ZU PROFESSIONS, REISE UND FAMILIE MIT BILINGUELLEN BILDERN UND TEXTENVol. 2 &#8211; 100 TIERNAMEN MIT BILDERN UND BILINGUELLEN TEXTENVol. 3 &#8211; 100 AKTIONEN UND GEF\u00dcHLE MIT BILINGUELLEN BILDERN UND TEXTENVol. 4 &#8211; VON 0 BIS 100, DIE ZAHLEN, MIT BILINGUELLEN BILDERN UND TEXTENVol. 5 &#8211; 100 F\u00dcTTERUNGSELEMENTE MIT BILINGUELLEN BILDERN UND TEXTENVol. 6 &#8211; 100 NAME VON TRINKELEMENTEN MIT BILINGUELLEN BILDERN UND TEXTENVol. 7 &#8211; 100 WORTE BEI MENSCHEN, MIT BILINGUELLEN BILDERN UND TEXTENVol. 8 &#8211; 100 WORTE ZU WEIHNACHTEN, MIT BILDERN UND BILINGUELLEM TEXTVol. 9 &#8211; 100 WORKS ON SIGNS, MIT BILDERN UND BILINGUELLEM TEXTVol. 10 &#8211; 100 WORTE \u00dcBER MUSIK, MIT BILDERN UND BILINGUELLEN TEXTENMit diesem visuellen Themenw\u00f6rterbuch k\u00f6nnen Sie Vokabeln auf Englisch schneller speichern und lernen!Warum dieses eBook w\u00e4hlen, um schneller zu lernen?Dieses Buch vereint die besten M\u00f6glichkeiten, Englisch zu lernen:- Das Wort mit Bildmethode- Das zweisprachige Lesen Englisch DeutschEnglisch Vokabeln mit diesem Buch zu lernen ist sehr einfach:- Siehe Foto- Lesen Sie den Namen auf Englisch- Lies das entsprechende Wort auf DeutschJedes neue Bild hilft Ihnen, ein Wort in der neuen Sprache zu lernen.Sehen Sie sich einfach das Foto an und lernen Sie ein neues Wort. Gehen Sie dann zum n\u00e4chsten Bild und machen Sie dasselbe.Schritt f\u00fcr Schritt werden Sie sehen, dass Sie mehr und mehr W\u00f6rter auf Englisch verstehen und sich merken!Sehen Sie sich einfach das Foto an und lernen Sie, auf Englisch zu sprechen. Top 10 Downloads All The TimeStiftung Warentest Verlag &#8211; 95 B\u00fccher &#8211; SammlungC.H. BECK Wissen &#8211; 260 B\u00fccher &#8211; SammlungDas gro\u00dfe Heimwerker-Profi-Han&#8230;n &#038; handwerken von FRANZISCodex_Humanus_Sammelpackfur_Dummies_SammelpackPiper.Verlag.SammlungWestend_Verlag_SammlungRezepte.Sammlung.500.BucherErich.von.Daniken.SammlungStephen.Hawking.SammlungVerfall_und_Untergang_des_romischen_Imperiums\n<\/div>\n<p style=\"direction:ltr;\">\nMobile Library &#8211; Englisch ( Englisch f\u00fcr alle ) Englisch Lernen Mit Bildern (Super Pack 10 B\u00fccher in 1): 1.000 W\u00f6rter, 1.000 Bilder, 1.000 zweisprachige Texte (10 B\u00fccher \u2026 lernen) (Foreign Language Learning Guides)  Deutsch | ASIN: B07L48G8MY | 62 pages | EPUB | 2. Dezember 2018 | 13.91 MB<\/p>\n<h2>\u062a\u0648\u0636\u06cc\u062d\u0627\u062a \u06a9\u062a\u0627\u0628 \u0628\u0647 \u0641\u0627\u0631\u0633\u06cc (\u062a\u0631\u062c\u0645\u0647 \u0645\u0627\u0634\u06cc\u0646\u06cc)<\/h2>\n<p>ER 2018 |13.91 MBDieses Super-Pack enth\u00e4lt 10 B\u00e4nde der Lerne mit Bildersammlung und hilft Ihnen, Englisch mit W\u00f6rtern, Bildern und zweisprachigen Texten zu lernen.Verwenden Sie es, um W\u00f6rter auf Englisch schneller zu lernen.Dieses Super-Pack beinhaltet:1.000 W\u00f6rter auf Englisch1.000 bilder1.000 zweisprachige textedies sind die 10 b\u00e4nde \u060c \u062f\u0631 Diesem gro\u00dfartigen paket von ebooks antalten sind \u060c mit einem gro\u00dfen rabatt (sie erhalten 3 Kostenlose B\u00fccher): Vol.1 &#8211; 100 \u062d\u0631\u0641\u0647 Zu Worte \u060c Reise Und Familie MIT Bilinguellen Bildern und Textenvol.2 &#8211; 100 tiernamen mit bildern und bilinguellen textenvol.3 &#8211; 100 Aktionen und Gef\u00fchle MIT Bilinguellen Bildern und Textenvol.4 &#8211; \u0641\u0648\u0646 0 \u0628\u06cc\u0633 100 \u060c Die Zahlen \u060c MIT Bilinguellen Bildern und Textenvol.5 &#8211; 100 f\u00fctterungselemente mit bilinguellen bildern und textenvol.6 &#8211; 100 \u0646\u0627\u0645 von trinkelementen mit bilinguellen bildern und textenvol.7 &#8211; 100 Worte Bei Menschen \u060c MIT Bilinguellen Bildern und Textenvol.8 &#8211; 100 Worte Zu Weihnachten \u060c MIT Bildern und Bilinguellem TextVol.9 &#8211; 100 \u06a9\u0627\u0631 \u0631\u0648\u06cc \u0639\u0644\u0627\u0626\u0645 \u060c MIT Bildern und Bilinguellem TextVol.10 &#8211; 100 Worte \u00fcber Musik \u060c mit bildern und bilinguellen textenmit diesem visuellen themenw\u00f6rterbuch k\u00f6nnen sie vokabeln auf englisch schnoller speichern ziench zitensh zitnen! areren deses ebook w\u00e4hlen \u060c um schneller zu lernen\u061f das wort mitbildmethode- das zweisprachige lesen Englisch deutschenglisch vokabeln mit diesem buch zu lernen ist sehr einfach:- siehe foto- lesen sie zerenach- lies das nernft ins ensprechende bine byue nehue nehue nehue nehue nehue nehue intrchende das Ernen.ehen Siesich einfach das foto an und lernen sie ein neues wort.Gehen Sie dann zum n\u00e4chsten Bild und machen Sie dasselbe.Schritt f\u00fcr Schritt werden Sie sehen, dass Sie mehr und mehr W\u00f6rter auf Englisch verstehen und sich merken!Sehen Sie sich einfach das Foto an und lernen Sie, auf Englisch zu sprechen.10 \u0628\u0627\u0631\u06af\u06cc\u0631\u06cc \u0628\u0631\u062a\u0631 \u062a\u0645\u0627\u0645 Timestiftung Warentest Verlag &#8211; 95 B\u00fccher &#8211; Sammlungc.H.BECK Wissen &#8211; 260 B\u00fccher &#8211; SammlungDas gro\u00dfe Heimwerker-Profi-Han&#8230;n &#038; handwerken von FRANZISCodex_Humanus_Sammelpackfur_Dummies_SammelpackPiper.Verlag.SammlungWestend_Verlag_SammlungRezepte.Sammlung.500.BucherErich.von.Daniken.SammlungStephen.Hawking.SammlungVerfall_und_Untergang_des_romischen_Imperiums<br \/>\n<br \/>\r\n<table class=\"table table-bordered\">\r\n\t\r\n\t\t<tr>\r\n\t\t<td>\r\n\t\t\t\r\n\u062a\u0648\u062c\u0647 \u06a9\u0646\u06cc\u062f \u06a9\u0647 \u0627\u06cc\u0646 \u0645\u062d\u0635\u0648\u0644 \u0628\u0647 \u0635\u0648\u0631\u062a \u0641\u0627\u06cc\u0644 \u062f\u0627\u0646\u0644\u0648\u062f\u06cc \u0627\u0633\u062a \u0648 \u0646\u0647 \u06a9\u062a\u0627\u0628 \u06a9\u0627\u063a\u0630\u06cc.\r\n\r\n\t\t<\/td>\r\n\t<\/tr>\r\n\r\n\t\t<tr>\r\n\t\t<td>\r\n\t\t\t\r\n\u0628\u0647 \u0647\u0646\u06af\u0627\u0645 \u062e\u0631\u06cc\u062f \u0628\u0647 \u0632\u0628\u0627\u0646 \u062f\u0631\u062c \u0634\u062f\u0647 \u0628\u0631\u0627\u06cc \u06a9\u062a\u0627\u0628 \u062d\u062a\u0645\u0627 \u062a\u0648\u062c\u0647 \u06a9\u0646\u06cc\u062f. \u0628\u0647 \u0635\u0648\u0631\u062a \u0645\u0639\u0645\u0648\u0644 \u062f\u0631 \u0627\u06a9\u062b\u0631 \u0645\u0648\u0627\u0631\u062f \u0632\u0628\u0627\u0646 \u06a9\u062a\u0627\u0628 \u0641\u0627\u0631\u0633\u06cc \u0646\u06cc\u0633\u062a.\r\n\r\n\t\t<\/td>\r\n\t<\/tr>\t\r\n\r\n\t\t\t<tr>\r\n\t\t<td>\r\n\t\t\t\r\n\u062f\u0631 \u0635\u0648\u0631\u062a \u0647\u0631\u06af\u0648\u0646\u0647 \u0645\u0634\u06a9\u0644 \u062f\u0631 \u062f\u0631\u06cc\u0627\u0641\u062a \u06a9\u062a\u0627\u0628 \u0628\u0647 \u0634\u0645\u0627\u0631\u0647 09395106248 \u067e\u06cc\u0627\u0645\u06a9 \u062f\u0647\u06cc\u062f. \r\n\t\t<\/td>\r\n\t<\/tr>\t\r\n\t\r\n\t\t\t<tr>\r\n\t\t<td>\r\n\t\t\t\r\n\u062f\u0631\u062c \u0634\u0645\u0627\u0631\u0647 \u0645\u0648\u0628\u0627\u06cc\u0644 \u0628\u0631\u0627\u06cc \u0633\u0641\u0627\u0631\u0634 \u0636\u0631\u0648\u0631\u06cc \u0646\u06cc\u0633\u062a \u0648\u0644\u06cc \u062a\u0631\u062c\u06cc\u062d \u0622\u0646 \u0627\u0633\u062a \u062f\u0631\u062c \u06af\u0631\u062f\u062f \u062a\u0627 \u062f\u0631 \u0635\u0648\u0631\u062a \u0628\u0631\u0648\u0632 \u0645\u0634\u06a9\u0644 \u0627\u0648\u0644\u06cc\u0646 \u0631\u0627\u0647 \u0627\u0631\u062a\u0628\u0627\u0637\u06cc \u0645\u0627 \u0628\u0627 \u0634\u0645\u0627 \u0628\u0627\u0634\u062f.\r\n\t\t<\/td>\r\n\t<\/tr>\r\n\t\r\n\t<tr>\r\n\t\t<td>\r\n\t\t\t\r\n\t\t\t\u0686\u0646\u0627\u0646\u0686\u0647 \u062f\u0631 \u062f\u0631\u06cc\u0627\u0641\u062a \u0645\u062d\u0635\u0648\u0644 \u0628\u0647 \u0647\u0631 \u062f\u0644\u06cc\u0644\u06cc \u0628\u0627 \u0645\u0634\u06a9\u0644 \u0631\u0648\u0628\u0631\u0648 \u0634\u062f\u06cc\u062f \u0648 \u0645\u0637\u0645\u0626\u0646 \u0627\u0632 \u067e\u0631\u062f\u0627\u062e\u062a \u0645\u0648\u0641\u0642 \u0648\u062c\u0647 \u0647\u0633\u062a\u06cc\u062f \u0628\u0647 \u0634\u0645\u0627\u0631\u0647 \u062a\u0645\u0627\u0633 \u0632\u06cc\u0631 \u0646\u0627\u0645\u060c \u0646\u0627\u0645 \u062e\u0627\u0646\u0648\u0627\u062f\u06af\u06cc \u0648 \u0646\u0627\u0645 \u0645\u062d\u0635\u0648\u0644 \u0631\u0627 \u067e\u06cc\u0627\u0645\u06a9 \u0628\u0632\u0646\u06cc\u062f \u062a\u0627 \u0644\u06cc\u0646\u06a9 \u0645\u062d\u0635\u0648\u0644 \u0633\u0631\u06cc\u0639\u0627 \u0628\u0631\u0627\u06cc \u0634\u0645\u0627 \u0627\u0631\u0633\u0627\u0644 \u06af\u0631\u062f\u062f.\r\n\t\t\t<br \/><br \/>\r\n\t\t\t\u0634\u0645\u0627\u0631\u0647 \u062a\u0645\u0627\u0633: 09395106248 \r\n\r\n\t\t<\/td>\r\n\t<\/tr>\r\n\t\r\n<\/table>\r\n<br \/>\r\n\r\n<\/p>\n","protected":false},"excerpt":{"rendered":"<p>\u0639\u0646\u0648\u0627\u0646 \u06a9\u062a\u0627\u0628 \u0628\u0647 \u0627\u0646\u06af\u0644\u06cc\u0633\u06cc: Mobile Library &#8211; Englisch ( Englisch f\u00fcr alle ) \u062a\u0639\u062f\u0627\u062f \u0635\u0641\u062d\u0627\u062a 62 \u0641\u0631\u0645\u062a \u06a9\u062a\u0627\u0628 EPUB ASIN [&hellip;]<\/p>\n","protected":false},"featured_media":27533,"comment_status":"open","ping_status":"closed","template":"","meta":{"pmpro_default_level":"","site-sidebar-layout":"default","site-content-layout":"","ast-site-content-layout":"default","site-content-style":"default","site-sidebar-style":"default","ast-global-header-display":"","ast-banner-title-visibility":"","ast-main-header-display":"","ast-hfb-above-header-display":"","ast-hfb-below-header-display":"","ast-hfb-mobile-header-display":"","site-post-title":"","ast-breadcrumbs-content":"","ast-featured-img":"","footer-sml-layout":"","theme-transparent-header-meta":"default","adv-header-id-meta":"","stick-header-meta":"","header-above-stick-meta":"","header-main-stick-meta":"","header-below-stick-meta":"","astra-migrate-meta-layouts":"set","ast-page-background-enabled":"default","ast-page-background-meta":{"desktop":{"background-color":"var(--ast-global-color-4)","background-image":"","background-repeat":"repeat","background-position":"center center","background-size":"auto","background-attachment":"scroll","background-type":"","background-media":"","overlay-type":"","overlay-color":"","overlay-gradient":""},"tablet":{"background-color":"","background-image":"","background-repeat":"repeat","background-position":"center center","background-size":"auto","background-attachment":"scroll","background-type":"","background-media":"","overlay-type":"","overlay-color":"","overlay-gradient":""},"mobile":{"background-color":"","background-image":"","background-repeat":"repeat","background-position":"center center","background-size":"auto","background-attachment":"scroll","background-type":"","background-media":"","overlay-type":"","overlay-color":"","overlay-gradient":""}},"ast-content-background-meta":{"desktop":{"background-color":"var(--ast-global-color-5)","background-image":"","background-repeat":"repeat","background-position":"center center","background-size":"auto","background-attachment":"scroll","background-type":"","background-media":"","overlay-type":"","overlay-color":"","overlay-gradient":""},"tablet":{"background-color":"var(--ast-global-color-5)","background-image":"","background-repeat":"repeat","background-position":"center center","background-size":"auto","background-attachment":"scroll","background-type":"","background-media":"","overlay-type":"","overlay-color":"","overlay-gradient":""},"mobile":{"background-color":"var(--ast-global-color-5)","background-image":"","background-repeat":"repeat","background-position":"center center","background-size":"auto","background-attachment":"scroll","background-type":"","background-media":"","overlay-type":"","overlay-color":"","overlay-gradient":""}}},"product_cat":[447,413,209,415,610],"product_tag":[],"class_list":{"0":"post-27531","1":"product","2":"type-product","3":"status-publish","4":"has-post-thumbnail","6":"product_cat-447","7":"product_cat-413","8":"product_cat-209","9":"product_cat-415","10":"product_cat-610","11":"pmpro-has-access","12":"desktop-align-left","13":"tablet-align-left","14":"mobile-align-left","16":"first","17":"instock","18":"shipping-taxable","19":"purchasable","20":"product-type-variable"},"yoast_head":"<!-- This site is optimized with the Yoast SEO plugin v22.0 - https:\/\/yoast.com\/wordpress\/plugins\/seo\/ -->\n<title>\u06a9\u062a\u0627\u0628 \u06a9\u062a\u0627\u0628\u062e\u0627\u0646\u0647 \u0645\u0648\u0628\u0627\u06cc\u0644 - Englisch (Englisch f\u00fcr ale) - \u0641\u0631\u0648\u0634\u06af\u0627\u0647 \u0627\u06a9\u0633\u067e\u0631\u0633<\/title>\n<meta name=\"robots\" content=\"index, follow, max-snippet:-1, max-image-preview:large, max-video-preview:-1\" \/>\n<link rel=\"canonical\" href=\"https:\/\/express24.ir\/d\/product\/\u06a9\u062a\u0627\u0628-\u06a9\u062a\u0627\u0628\u062e\u0627\u0646\u0647-\u0645\u0648\u0628\u0627\u06cc\u0644-englisch-englisch-fur-ale\/\" \/>\n<meta property=\"og:locale\" content=\"fa_IR\" \/>\n<meta property=\"og:type\" content=\"article\" \/>\n<meta property=\"og:title\" content=\"\u06a9\u062a\u0627\u0628 \u06a9\u062a\u0627\u0628\u062e\u0627\u0646\u0647 \u0645\u0648\u0628\u0627\u06cc\u0644 - Englisch (Englisch f\u00fcr ale) - \u0641\u0631\u0648\u0634\u06af\u0627\u0647 \u0627\u06a9\u0633\u067e\u0631\u0633\" \/>\n<meta property=\"og:description\" content=\"\u0639\u0646\u0648\u0627\u0646 \u06a9\u062a\u0627\u0628 \u0628\u0647 \u0627\u0646\u06af\u0644\u06cc\u0633\u06cc: Mobile Library &#8211; Englisch ( Englisch f\u00fcr alle ) \u062a\u0639\u062f\u0627\u062f \u0635\u0641\u062d\u0627\u062a 62 \u0641\u0631\u0645\u062a \u06a9\u062a\u0627\u0628 EPUB ASIN [&hellip;]\" \/>\n<meta property=\"og:url\" content=\"https:\/\/express24.ir\/d\/product\/\u06a9\u062a\u0627\u0628-\u06a9\u062a\u0627\u0628\u062e\u0627\u0646\u0647-\u0645\u0648\u0628\u0627\u06cc\u0644-englisch-englisch-fur-ale\/\" \/>\n<meta property=\"og:site_name\" content=\"\u0641\u0631\u0648\u0634\u06af\u0627\u0647 \u0627\u06a9\u0633\u067e\u0631\u0633\" \/>\n<meta property=\"article:modified_time\" content=\"2024-03-03T09:11:43+00:00\" \/>\n<meta property=\"og:image\" content=\"https:\/\/express24.ir\/d\/wp-content\/uploads\/2024\/03\/00a15663.jpg\" \/>\n\t<meta property=\"og:image:width\" content=\"375\" \/>\n\t<meta property=\"og:image:height\" content=\"500\" \/>\n\t<meta property=\"og:image:type\" content=\"image\/jpeg\" \/>\n<meta name=\"twitter:card\" content=\"summary_large_image\" \/>\n<meta name=\"twitter:label1\" content=\"\u0632\u0645\u0627\u0646 \u062a\u0642\u0631\u06cc\u0628\u06cc \u0628\u0631\u0627\u06cc \u062e\u0648\u0627\u0646\u062f\u0646\" \/>\n\t<meta name=\"twitter:data1\" content=\"5 \u062f\u0642\u06cc\u0642\u0647\" \/>\n<script type=\"application\/ld+json\" class=\"yoast-schema-graph\">{\"@context\":\"https:\/\/schema.org\",\"@graph\":[{\"@type\":\"WebPage\",\"@id\":\"https:\/\/express24.ir\/d\/product\/%da%a9%d8%aa%d8%a7%d8%a8-%da%a9%d8%aa%d8%a7%d8%a8%d8%ae%d8%a7%d9%86%d9%87-%d9%85%d9%88%d8%a8%d8%a7%db%8c%d9%84-englisch-englisch-fur-ale\/\",\"url\":\"https:\/\/express24.ir\/d\/product\/%da%a9%d8%aa%d8%a7%d8%a8-%da%a9%d8%aa%d8%a7%d8%a8%d8%ae%d8%a7%d9%86%d9%87-%d9%85%d9%88%d8%a8%d8%a7%db%8c%d9%84-englisch-englisch-fur-ale\/\",\"name\":\"\u06a9\u062a\u0627\u0628 \u06a9\u062a\u0627\u0628\u062e\u0627\u0646\u0647 \u0645\u0648\u0628\u0627\u06cc\u0644 - Englisch (Englisch f\u00fcr ale) - \u0641\u0631\u0648\u0634\u06af\u0627\u0647 \u0627\u06a9\u0633\u067e\u0631\u0633\",\"isPartOf\":{\"@id\":\"https:\/\/express24.ir\/d\/#website\"},\"datePublished\":\"2024-03-03T12:33:06+00:00\",\"dateModified\":\"2024-03-03T09:11:43+00:00\",\"breadcrumb\":{\"@id\":\"https:\/\/express24.ir\/d\/product\/%da%a9%d8%aa%d8%a7%d8%a8-%da%a9%d8%aa%d8%a7%d8%a8%d8%ae%d8%a7%d9%86%d9%87-%d9%85%d9%88%d8%a8%d8%a7%db%8c%d9%84-englisch-englisch-fur-ale\/#breadcrumb\"},\"inLanguage\":\"fa-IR\",\"potentialAction\":[{\"@type\":\"ReadAction\",\"target\":[\"https:\/\/express24.ir\/d\/product\/%da%a9%d8%aa%d8%a7%d8%a8-%da%a9%d8%aa%d8%a7%d8%a8%d8%ae%d8%a7%d9%86%d9%87-%d9%85%d9%88%d8%a8%d8%a7%db%8c%d9%84-englisch-englisch-fur-ale\/\"]}]},{\"@type\":\"BreadcrumbList\",\"@id\":\"https:\/\/express24.ir\/d\/product\/%da%a9%d8%aa%d8%a7%d8%a8-%da%a9%d8%aa%d8%a7%d8%a8%d8%ae%d8%a7%d9%86%d9%87-%d9%85%d9%88%d8%a8%d8%a7%db%8c%d9%84-englisch-englisch-fur-ale\/#breadcrumb\",\"itemListElement\":[{\"@type\":\"ListItem\",\"position\":1,\"name\":\"\u062e\u0627\u0646\u0647\",\"item\":\"https:\/\/express24.ir\/d\/\"},{\"@type\":\"ListItem\",\"position\":2,\"name\":\"\u0641\u0631\u0648\u0634\u06af\u0627\u0647\",\"item\":\"https:\/\/express24.ir\/d\/\"},{\"@type\":\"ListItem\",\"position\":3,\"name\":\"\u06a9\u062a\u0627\u0628 \u06a9\u062a\u0627\u0628\u062e\u0627\u0646\u0647 \u0645\u0648\u0628\u0627\u06cc\u0644 &#8211; Englisch (Englisch f\u00fcr ale)\"}]},{\"@type\":\"WebSite\",\"@id\":\"https:\/\/express24.ir\/d\/#website\",\"url\":\"https:\/\/express24.ir\/d\/\",\"name\":\"\u0641\u0631\u0648\u0634\u06af\u0627\u0647 \u0627\u06a9\u0633\u067e\u0631\u0633\",\"description\":\"\",\"potentialAction\":[{\"@type\":\"SearchAction\",\"target\":{\"@type\":\"EntryPoint\",\"urlTemplate\":\"https:\/\/express24.ir\/d\/?s={search_term_string}\"},\"query-input\":\"required name=search_term_string\"}],\"inLanguage\":\"fa-IR\"}]}<\/script>\n<!-- \/ Yoast SEO plugin. -->","yoast_head_json":{"title":"\u06a9\u062a\u0627\u0628 \u06a9\u062a\u0627\u0628\u062e\u0627\u0646\u0647 \u0645\u0648\u0628\u0627\u06cc\u0644 - Englisch (Englisch f\u00fcr ale) - \u0641\u0631\u0648\u0634\u06af\u0627\u0647 \u0627\u06a9\u0633\u067e\u0631\u0633","robots":{"index":"index","follow":"follow","max-snippet":"max-snippet:-1","max-image-preview":"max-image-preview:large","max-video-preview":"max-video-preview:-1"},"canonical":"https:\/\/express24.ir\/d\/product\/\u06a9\u062a\u0627\u0628-\u06a9\u062a\u0627\u0628\u062e\u0627\u0646\u0647-\u0645\u0648\u0628\u0627\u06cc\u0644-englisch-englisch-fur-ale\/","og_locale":"fa_IR","og_type":"article","og_title":"\u06a9\u062a\u0627\u0628 \u06a9\u062a\u0627\u0628\u062e\u0627\u0646\u0647 \u0645\u0648\u0628\u0627\u06cc\u0644 - Englisch (Englisch f\u00fcr ale) - \u0641\u0631\u0648\u0634\u06af\u0627\u0647 \u0627\u06a9\u0633\u067e\u0631\u0633","og_description":"\u0639\u0646\u0648\u0627\u0646 \u06a9\u062a\u0627\u0628 \u0628\u0647 \u0627\u0646\u06af\u0644\u06cc\u0633\u06cc: Mobile Library &#8211; Englisch ( Englisch f\u00fcr alle ) \u062a\u0639\u062f\u0627\u062f \u0635\u0641\u062d\u0627\u062a 62 \u0641\u0631\u0645\u062a \u06a9\u062a\u0627\u0628 EPUB ASIN [&hellip;]","og_url":"https:\/\/express24.ir\/d\/product\/\u06a9\u062a\u0627\u0628-\u06a9\u062a\u0627\u0628\u062e\u0627\u0646\u0647-\u0645\u0648\u0628\u0627\u06cc\u0644-englisch-englisch-fur-ale\/","og_site_name":"\u0641\u0631\u0648\u0634\u06af\u0627\u0647 \u0627\u06a9\u0633\u067e\u0631\u0633","article_modified_time":"2024-03-03T09:11:43+00:00","og_image":[{"width":375,"height":500,"url":"https:\/\/express24.ir\/d\/wp-content\/uploads\/2024\/03\/00a15663.jpg","type":"image\/jpeg"}],"twitter_card":"summary_large_image","twitter_misc":{"\u0632\u0645\u0627\u0646 \u062a\u0642\u0631\u06cc\u0628\u06cc \u0628\u0631\u0627\u06cc \u062e\u0648\u0627\u0646\u062f\u0646":"5 \u062f\u0642\u06cc\u0642\u0647"},"schema":{"@context":"https:\/\/schema.org","@graph":[{"@type":"WebPage","@id":"https:\/\/express24.ir\/d\/product\/%da%a9%d8%aa%d8%a7%d8%a8-%da%a9%d8%aa%d8%a7%d8%a8%d8%ae%d8%a7%d9%86%d9%87-%d9%85%d9%88%d8%a8%d8%a7%db%8c%d9%84-englisch-englisch-fur-ale\/","url":"https:\/\/express24.ir\/d\/product\/%da%a9%d8%aa%d8%a7%d8%a8-%da%a9%d8%aa%d8%a7%d8%a8%d8%ae%d8%a7%d9%86%d9%87-%d9%85%d9%88%d8%a8%d8%a7%db%8c%d9%84-englisch-englisch-fur-ale\/","name":"\u06a9\u062a\u0627\u0628 \u06a9\u062a\u0627\u0628\u062e\u0627\u0646\u0647 \u0645\u0648\u0628\u0627\u06cc\u0644 - Englisch (Englisch f\u00fcr ale) - \u0641\u0631\u0648\u0634\u06af\u0627\u0647 \u0627\u06a9\u0633\u067e\u0631\u0633","isPartOf":{"@id":"https:\/\/express24.ir\/d\/#website"},"datePublished":"2024-03-03T12:33:06+00:00","dateModified":"2024-03-03T09:11:43+00:00","breadcrumb":{"@id":"https:\/\/express24.ir\/d\/product\/%da%a9%d8%aa%d8%a7%d8%a8-%da%a9%d8%aa%d8%a7%d8%a8%d8%ae%d8%a7%d9%86%d9%87-%d9%85%d9%88%d8%a8%d8%a7%db%8c%d9%84-englisch-englisch-fur-ale\/#breadcrumb"},"inLanguage":"fa-IR","potentialAction":[{"@type":"ReadAction","target":["https:\/\/express24.ir\/d\/product\/%da%a9%d8%aa%d8%a7%d8%a8-%da%a9%d8%aa%d8%a7%d8%a8%d8%ae%d8%a7%d9%86%d9%87-%d9%85%d9%88%d8%a8%d8%a7%db%8c%d9%84-englisch-englisch-fur-ale\/"]}]},{"@type":"BreadcrumbList","@id":"https:\/\/express24.ir\/d\/product\/%da%a9%d8%aa%d8%a7%d8%a8-%da%a9%d8%aa%d8%a7%d8%a8%d8%ae%d8%a7%d9%86%d9%87-%d9%85%d9%88%d8%a8%d8%a7%db%8c%d9%84-englisch-englisch-fur-ale\/#breadcrumb","itemListElement":[{"@type":"ListItem","position":1,"name":"\u062e\u0627\u0646\u0647","item":"https:\/\/express24.ir\/d\/"},{"@type":"ListItem","position":2,"name":"\u0641\u0631\u0648\u0634\u06af\u0627\u0647","item":"https:\/\/express24.ir\/d\/"},{"@type":"ListItem","position":3,"name":"\u06a9\u062a\u0627\u0628 \u06a9\u062a\u0627\u0628\u062e\u0627\u0646\u0647 \u0645\u0648\u0628\u0627\u06cc\u0644 &#8211; Englisch (Englisch f\u00fcr ale)"}]},{"@type":"WebSite","@id":"https:\/\/express24.ir\/d\/#website","url":"https:\/\/express24.ir\/d\/","name":"\u0641\u0631\u0648\u0634\u06af\u0627\u0647 \u0627\u06a9\u0633\u067e\u0631\u0633","description":"","potentialAction":[{"@type":"SearchAction","target":{"@type":"EntryPoint","urlTemplate":"https:\/\/express24.ir\/d\/?s={search_term_string}"},"query-input":"required name=search_term_string"}],"inLanguage":"fa-IR"}]}},"_links":{"self":[{"href":"https:\/\/express24.ir\/d\/wp-json\/wp\/v2\/product\/27531","targetHints":{"allow":["GET"]}}],"collection":[{"href":"https:\/\/express24.ir\/d\/wp-json\/wp\/v2\/product"}],"about":[{"href":"https:\/\/express24.ir\/d\/wp-json\/wp\/v2\/types\/product"}],"replies":[{"embeddable":true,"href":"https:\/\/express24.ir\/d\/wp-json\/wp\/v2\/comments?post=27531"}],"wp:featuredmedia":[{"embeddable":true,"href":"https:\/\/express24.ir\/d\/wp-json\/wp\/v2\/media\/27533"}],"wp:attachment":[{"href":"https:\/\/express24.ir\/d\/wp-json\/wp\/v2\/media?parent=27531"}],"wp:term":[{"taxonomy":"product_cat","embeddable":true,"href":"https:\/\/express24.ir\/d\/wp-json\/wp\/v2\/product_cat?post=27531"},{"taxonomy":"product_tag","embeddable":true,"href":"https:\/\/express24.ir\/d\/wp-json\/wp\/v2\/product_tag?post=27531"}],"curies":[{"name":"wp","href":"https:\/\/api.w.org\/{rel}","templated":true}]}}